{"id":508,"date":"2025-07-02T17:42:55","date_gmt":"2025-07-02T17:42:55","guid":{"rendered":"https:\/\/sbaloanpros.net\/sobre-nosotros\/"},"modified":"2025-10-03T15:02:08","modified_gmt":"2025-10-03T15:02:08","slug":"sobre-nosotros","status":"publish","type":"page","link":"https:\/\/sbaloanpros.net\/es\/sobre-nosotros\/","title":{"rendered":"Sobre nosotros"},"content":{"rendered":"\t\t<div data-elementor-type=\"wp-page\" data-elementor-id=\"508\" class=\"elementor elementor-508 elementor-193\" data-elementor-post-type=\"page\">\n\t\t\t\t<div class=\"elementor-element elementor-element-32d3fa1 e-flex e-con-boxed e-con e-parent\" data-id=\"32d3fa1\" data-element_type=\"container\" data-settings=\"{&quot;background_background&quot;:&quot;video&quot;,&quot;background_video_link&quot;:&quot;https:\\\/\\\/sbaloanpros.net\\\/wp-content\\\/uploads\\\/2025\\\/06\\\/3209211-uhd_3840_2160_25fps.mp4&quot;,&quot;background_play_on_mobile&quot;:&quot;yes&quot;}\">\n\t\t\t\t\t<div class=\"e-con-inner\">\n\t\t<div class=\"elementor-background-video-container\" aria-hidden=\"true\">\n\t\t\t\t\t\t\t<video class=\"elementor-background-video-hosted\" autoplay muted playsinline loop><\/video>\n\t\t\t\t\t<\/div><div class=\"elementor-element elementor-element-6073ca2 e-con-full e-flex e-con e-child\" data-id=\"6073ca2\" data-element_type=\"container\">\n\t\t\t\t<div class=\"elementor-element elementor-element-fd4204e elementor-widget elementor-widget-heading\" data-id=\"fd4204e\" data-element_type=\"widget\" data-widget_type=\"heading.default\">\n\t\t\t\t<div class=\"elementor-widget-container\">\n\t\t\t\t\t<h2 class=\"elementor-heading-title elementor-size-default\">Sobre nosotros<\/h2>\t\t\t\t<\/div>\n\t\t\t\t<\/div>\n\t\t\t\t<div class=\"elementor-element elementor-element-236597e elementor-widget-divider--view-line elementor-widget elementor-widget-divider\" data-id=\"236597e\" data-element_type=\"widget\" data-widget_type=\"divider.default\">\n\t\t\t\t<div class=\"elementor-widget-container\">\n\t\t\t\t\t\t\t<div class=\"elementor-divider\">\n\t\t\t<span class=\"elementor-divider-separator\">\n\t\t\t\t\t\t<\/span>\n\t\t<\/div>\n\t\t\t\t\t\t<\/div>\n\t\t\t\t<\/div>\n\t\t\t\t<div class=\"elementor-element elementor-element-17b2e85 elementor-widget elementor-widget-text-editor\" data-id=\"17b2e85\" data-element_type=\"widget\" data-widget_type=\"text-editor.default\">\n\t\t\t\t<div class=\"elementor-widget-container\">\n\t\t\t\t\t\t\t\t\t<p>Obtenga el capital que necesita para su negocio con pr\u00e9stamos SBA,<br>y haga crecer su negocio sin demoras.<\/p>\t\t\t\t\t\t\t\t<\/div>\n\t\t\t\t<\/div>\n\t\t\t\t<\/div>\n\t\t<div class=\"elementor-element elementor-element-09ddf54 e-con-full e-flex e-con e-child\" data-id=\"09ddf54\" data-element_type=\"container\">\n\t\t<div class=\"elementor-element elementor-element-feb8d36 e-con-full e-flex e-con e-child\" data-id=\"feb8d36\" data-element_type=\"container\">\n\t\t\t\t<div class=\"elementor-element elementor-element-107b47d elementor-widget elementor-widget-button\" data-id=\"107b47d\" data-element_type=\"widget\" data-widget_type=\"button.default\">\n\t\t\t\t<div class=\"elementor-widget-container\">\n\t\t\t\t\t\t\t\t\t<div class=\"elementor-button-wrapper\">\n\t\t\t\t\t<a class=\"elementor-button elementor-button-link elementor-size-sm\" href=\"https:\/\/calendly.com\/callwithlegacy\/sba-loan-consultation\">\n\t\t\t\t\t\t<span class=\"elementor-button-content-wrapper\">\n\t\t\t\t\t\t\t\t\t<span class=\"elementor-button-text\">HABLE CON UN EXPERTO EN PRESTAMOS SBA<\/span>\n\t\t\t\t\t<\/span>\n\t\t\t\t\t<\/a>\n\t\t\t\t<\/div>\n\t\t\t\t\t\t\t\t<\/div>\n\t\t\t\t<\/div>\n\t\t\t\t<\/div>\n\t\t\t\t<\/div>\n\t\t\t\t\t<\/div>\n\t\t\t\t<\/div>\n\t\t<div class=\"elementor-element elementor-element-e0ee206 e-flex e-con-boxed e-con e-parent\" data-id=\"e0ee206\" data-element_type=\"container\">\n\t\t\t\t\t<div class=\"e-con-inner\">\n\t\t\t\t<div class=\"elementor-element elementor-element-2f68db3 elementor-widget elementor-widget-text-editor\" data-id=\"2f68db3\" data-element_type=\"widget\" data-widget_type=\"text-editor.default\">\n\t\t\t\t<div class=\"elementor-widget-container\">\n\t\t\t\t\t\t\t\t\t<p>En SBA Loan Pros, hacemos m\u00e1s que gestionar la financiaci\u00f3n comercial, construimos el vinculo entre la visi\u00f3n y la ejecuci\u00f3n. Como empresa afiliada a Legacy Business Plans LLC, aportamos una perspectiva dual \u00fanica al proceso del pr\u00e9stamo: comprendiendo la importancia tanto de la preparaci\u00f3n financiera como de la presentaci\u00f3n estrat\u00e9gica.<\/p><p>Nos especializamos en pr\u00e9stamos SBA 7(a), apoyando a una amplia gama de clientes, desde ambiciosos fundadores de nuevas empresas y empresas en crecimiento hasta emprendedores que buscan adquirir empresas existentes. Ya sea que est\u00e1 lanzando una nueva empresa como si est\u00e1 ampliando una existente, trabajamos detalladamente con usted para asegurar la soluci\u00f3n de financiaci\u00f3n adecuada y garantizar una transici\u00f3n rapida en cada etapa del proceso del pr\u00e9stamo.<\/p><p>Lo que nos diferencia es nuestro compromiso con un servicio personalizado de primera clase. Guiamos a nuestros clientes a trav\u00e9s de cada fase del proceso de financiaci\u00f3n, desde las conversaciones iniciales y las cartas de intencion (LOI) hasta el empaquetado de documentos, la negociaci\u00f3n y el cierre con el prestamista. Nuestro objetivo es desmitificar el proceso del pr\u00e9stamo, a la vez que le ayudamos a mantenerse centrado en sus objetivos empresariales.<\/p><p>Gracias a nuestra conexi\u00f3n con <a href=\"https:\/\/legacybusinessplans.com\/\"><strong>Legacy Business Plans LLC<\/strong><\/a>, nuestros clientes tambi\u00e9n tienen acceso a planes de negocios elaborados profesionalmente y listos para el prestamista, as\u00ed como proyecciones financieras listas para el prestamista, una pieza vital en el competitivo entorno crediticio actual. Este enfoque \u00fanico posiciona a nuestros prestatarios para un mayor \u00e9xito, credibilidad y confianza a la hora de buscar capital.<\/p><p>Desde nuestra incepcion, hemos ayudado a financiar m\u00e1s de 75 empresas en una amplia gama de sectores. Cada cliente es una historia de posibilidades, y tratamos cada uno con el cuidado, la claridad y la visi\u00f3n estrat\u00e9gica que merece.<\/p><p><em><strong>SBA Loan Pros no es solo una consultora de prestamos, es su aliado financiero. Perm\u00edtanos ser el enlace que impulse su negocio.<\/strong><\/em><\/p>\t\t\t\t\t\t\t\t<\/div>\n\t\t\t\t<\/div>\n\t\t\t\t\t<\/div>\n\t\t\t\t<\/div>\n\t\t<div class=\"elementor-element elementor-element-ceb938f e-flex e-con-boxed e-con e-parent\" data-id=\"ceb938f\" data-element_type=\"container\">\n\t\t\t\t\t<div class=\"e-con-inner\">\n\t\t<div class=\"elementor-element elementor-element-29a5bec e-con-full e-flex e-con e-child\" data-id=\"29a5bec\" data-element_type=\"container\" data-settings=\"{&quot;background_background&quot;:&quot;classic&quot;}\">\n\t\t\t\t<div class=\"elementor-element elementor-element-cca6d3d elementor-widget elementor-widget-heading\" data-id=\"cca6d3d\" data-element_type=\"widget\" data-widget_type=\"heading.default\">\n\t\t\t\t<div class=\"elementor-widget-container\">\n\t\t\t\t\t<h2 class=\"elementor-heading-title elementor-size-default\">Jenny Dieppa\n<\/h2>\t\t\t\t<\/div>\n\t\t\t\t<\/div>\n\t\t\t\t<div class=\"elementor-element elementor-element-c26221a elementor-widget elementor-widget-heading\" data-id=\"c26221a\" data-element_type=\"widget\" data-widget_type=\"heading.default\">\n\t\t\t\t<div class=\"elementor-widget-container\">\n\t\t\t\t\t<h2 class=\"elementor-heading-title elementor-size-default\">Fundadora y experta en pr\u00e9stamos SBA\n<\/h2>\t\t\t\t<\/div>\n\t\t\t\t<\/div>\n\t\t\t\t<div class=\"elementor-element elementor-element-541f23d elementor-widget-divider--view-line elementor-widget elementor-widget-divider\" data-id=\"541f23d\" data-element_type=\"widget\" data-widget_type=\"divider.default\">\n\t\t\t\t<div class=\"elementor-widget-container\">\n\t\t\t\t\t\t\t<div class=\"elementor-divider\">\n\t\t\t<span class=\"elementor-divider-separator\">\n\t\t\t\t\t\t<\/span>\n\t\t<\/div>\n\t\t\t\t\t\t<\/div>\n\t\t\t\t<\/div>\n\t\t\t\t<div class=\"elementor-element elementor-element-3cf0806 elementor-widget elementor-widget-text-editor\" data-id=\"3cf0806\" data-element_type=\"widget\" data-widget_type=\"text-editor.default\">\n\t\t\t\t<div class=\"elementor-widget-container\">\n\t\t\t\t\t\t\t\t\t<p class=\"p1\">Me llamo Jenny y soy la fundadora de SBA Loan Pros, una consultora de pr\u00e9stamos empresariales de servicio completo con sede en Miami, Florida. Con una licenciatura en Finanzas y m\u00e1s de cinco a\u00f1os de experiencia en banca y pr\u00e9stamos SBA, ayudo a empresas de todo el pa\u00eds a obtener el capital que necesitan. Especializada en la financiaci\u00f3n SBA 7(a), SBA Loan Pros ofrece asesoramiento honesto y objetivo sobre pr\u00e9stamos y finanzas empresariales. Nuestra empresa afiliada, Legacy Business Plans, ha completado m\u00e1s de 1000 planes de negocios, lo que ha dado lugar a innumerables aprobaciones de pr\u00e9stamos SBA. Nuestra misi\u00f3n es capacitar a todos los propietarios de negocios para que tengan \u00e9xito. En SBA Loan Pros, nos comprometemos a proporcionar el apoyo y la experiencia necesarios para ayudar a su negocio a prosperar.<\/p>\t\t\t\t\t\t\t\t<\/div>\n\t\t\t\t<\/div>\n\t\t\t\t<div class=\"elementor-element elementor-element-f8af4f4 elementor-widget elementor-widget-heading\" data-id=\"f8af4f4\" data-element_type=\"widget\" data-widget_type=\"heading.default\">\n\t\t\t\t<div class=\"elementor-widget-container\">\n\t\t\t\t\t<h2 class=\"elementor-heading-title elementor-size-default\">\u201cConstruyendo legados duraderos, un negocio exitoso a la vez\u201d\n<\/h2>\t\t\t\t<\/div>\n\t\t\t\t<\/div>\n\t\t\t\t<div class=\"elementor-element elementor-element-6635747 elementor-widget elementor-widget-button\" data-id=\"6635747\" data-element_type=\"widget\" data-widget_type=\"button.default\">\n\t\t\t\t<div class=\"elementor-widget-container\">\n\t\t\t\t\t\t\t\t\t<div class=\"elementor-button-wrapper\">\n\t\t\t\t\t<a class=\"elementor-button elementor-button-link elementor-size-sm\" href=\"https:\/\/calendly.com\/callwithlegacy\/sba-loan-consultation\">\n\t\t\t\t\t\t<span class=\"elementor-button-content-wrapper\">\n\t\t\t\t\t\t\t\t\t<span class=\"elementor-button-text\">\u00bfLISTO PARA OBTENER FINANCIACI\u00d3N?<\/span>\n\t\t\t\t\t<\/span>\n\t\t\t\t\t<\/a>\n\t\t\t\t<\/div>\n\t\t\t\t\t\t\t\t<\/div>\n\t\t\t\t<\/div>\n\t\t\t\t<\/div>\n\t\t<div class=\"elementor-element elementor-element-9a2f8bc e-con-full e-flex e-con e-child\" data-id=\"9a2f8bc\" data-element_type=\"container\">\n\t\t\t\t<div class=\"elementor-element elementor-element-8ce1c7c elementor-widget elementor-widget-image\" data-id=\"8ce1c7c\" data-element_type=\"widget\" data-widget_type=\"image.default\">\n\t\t\t\t<div class=\"elementor-widget-container\">\n\t\t\t\t\t\t\t\t\t\t\t\t\t\t\t<img fetchpriority=\"high\" decoding=\"async\" width=\"917\" height=\"931\" src=\"https:\/\/sbaloanpros.net\/wp-content\/uploads\/2025\/07\/Main-headshot-fixed_2-1.png\" class=\"attachment-large size-large wp-image-510\" alt=\"\" srcset=\"https:\/\/sbaloanpros.net\/wp-content\/uploads\/2025\/07\/Main-headshot-fixed_2-1.png 917w, https:\/\/sbaloanpros.net\/wp-content\/uploads\/2025\/07\/Main-headshot-fixed_2-1-295x300.png 295w, https:\/\/sbaloanpros.net\/wp-content\/uploads\/2025\/07\/Main-headshot-fixed_2-1-768x780.png 768w\" sizes=\"(max-width: 917px) 100vw, 917px\" \/>\t\t\t\t\t\t\t\t\t\t\t\t\t\t\t<\/div>\n\t\t\t\t<\/div>\n\t\t\t\t<div class=\"elementor-element elementor-element-a24f146 elementor-widget elementor-widget-html\" data-id=\"a24f146\" data-element_type=\"widget\" data-widget_type=\"html.default\">\n\t\t\t\t<div class=\"elementor-widget-container\">\n\t\t\t\t\t<!-- Calendly inline widget begin -->\r\n<div class=\"calendly-inline-widget\" data-url=\"https:\/\/calendly.com\/callwithlegacy\/business-plan-consultation\" style=\"min-width:320px;height:700px;\"><\/div>\r\n<script type=\"text\/javascript\" src=\"https:\/\/assets.calendly.com\/assets\/external\/widget.js\" async><\/script>\r\n<!-- Calendly inline widget end -->\t\t\t\t<\/div>\n\t\t\t\t<\/div>\n\t\t\t\t<\/div>\n\t\t\t\t\t<\/div>\n\t\t\t\t<\/div>\n\t\t\t\t<\/div>\n\t\t","protected":false},"excerpt":{"rendered":"<p>Sobre nosotros Obtenga el capital que necesita para su negocio con pr\u00e9stamos SBA,y haga crecer su negocio sin demoras. HABLE CON UN EXPERTO EN PRESTAMOS SBA En SBA Loan Pros, hacemos m\u00e1s que gestionar la financiaci\u00f3n comercial, construimos el vinculo entre la visi\u00f3n y la ejecuci\u00f3n. Como empresa afiliada a Legacy Business Plans LLC, aportamos [&hellip;]<\/p>\n","protected":false},"author":3,"featured_media":0,"parent":0,"menu_order":0,"comment_status":"closed","ping_status":"closed","template":"","meta":{"ocean_post_layout":"full-screen","ocean_both_sidebars_style":"","ocean_both_sidebars_content_width":0,"ocean_both_sidebars_sidebars_width":0,"ocean_sidebar":"","ocean_second_sidebar":"","ocean_disable_margins":"enable","ocean_add_body_class":"","ocean_shortcode_before_top_bar":"","ocean_shortcode_after_top_bar":"","ocean_shortcode_before_header":"","ocean_shortcode_after_header":"","ocean_has_shortcode":"","ocean_shortcode_after_title":"","ocean_shortcode_before_footer_widgets":"","ocean_shortcode_after_footer_widgets":"","ocean_shortcode_before_footer_bottom":"","ocean_shortcode_after_footer_bottom":"","ocean_display_top_bar":"off","ocean_display_header":"on","ocean_header_style":"","ocean_center_header_left_menu":"","ocean_custom_header_template":"","ocean_custom_logo":0,"ocean_custom_retina_logo":0,"ocean_custom_logo_max_width":0,"ocean_custom_logo_tablet_max_width":0,"ocean_custom_logo_mobile_max_width":0,"ocean_custom_logo_max_height":0,"ocean_custom_logo_tablet_max_height":0,"ocean_custom_logo_mobile_max_height":0,"ocean_header_custom_menu":"","ocean_menu_typo_font_family":"","ocean_menu_typo_font_subset":"","ocean_menu_typo_font_size":0,"ocean_menu_typo_font_size_tablet":0,"ocean_menu_typo_font_size_mobile":0,"ocean_menu_typo_font_size_unit":"px","ocean_menu_typo_font_weight":"","ocean_menu_typo_font_weight_tablet":"","ocean_menu_typo_font_weight_mobile":"","ocean_menu_typo_transform":"","ocean_menu_typo_transform_tablet":"","ocean_menu_typo_transform_mobile":"","ocean_menu_typo_line_height":0,"ocean_menu_typo_line_height_tablet":0,"ocean_menu_typo_line_height_mobile":0,"ocean_menu_typo_line_height_unit":"","ocean_menu_typo_spacing":0,"ocean_menu_typo_spacing_tablet":0,"ocean_menu_typo_spacing_mobile":0,"ocean_menu_typo_spacing_unit":"","ocean_menu_link_color":"","ocean_menu_link_color_hover":"","ocean_menu_link_color_active":"","ocean_menu_link_background":"","ocean_menu_link_hover_background":"","ocean_menu_link_active_background":"","ocean_menu_social_links_bg":"","ocean_menu_social_hover_links_bg":"","ocean_menu_social_links_color":"","ocean_menu_social_hover_links_color":"","ocean_disable_title":"on","ocean_disable_heading":"default","ocean_post_title":"","ocean_post_subheading":"","ocean_post_title_style":"","ocean_post_title_background_color":"","ocean_post_title_background":0,"ocean_post_title_bg_image_position":"","ocean_post_title_bg_image_attachment":"","ocean_post_title_bg_image_repeat":"","ocean_post_title_bg_image_size":"","ocean_post_title_height":0,"ocean_post_title_bg_overlay":0.5,"ocean_post_title_bg_overlay_color":"","ocean_disable_breadcrumbs":"default","ocean_breadcrumbs_color":"","ocean_breadcrumbs_separator_color":"","ocean_breadcrumbs_links_color":"","ocean_breadcrumbs_links_hover_color":"","ocean_display_footer_widgets":"off","ocean_display_footer_bottom":"off","ocean_custom_footer_template":"","footnotes":""},"class_list":["post-508","page","type-page","status-publish","hentry","entry"],"_links":{"self":[{"href":"https:\/\/sbaloanpros.net\/es\/wp-json\/wp\/v2\/pages\/508","targetHints":{"allow":["GET"]}}],"collection":[{"href":"https:\/\/sbaloanpros.net\/es\/wp-json\/wp\/v2\/pages"}],"about":[{"href":"https:\/\/sbaloanpros.net\/es\/wp-json\/wp\/v2\/types\/page"}],"author":[{"embeddable":true,"href":"https:\/\/sbaloanpros.net\/es\/wp-json\/wp\/v2\/users\/3"}],"replies":[{"embeddable":true,"href":"https:\/\/sbaloanpros.net\/es\/wp-json\/wp\/v2\/comments?post=508"}],"version-history":[{"count":5,"href":"https:\/\/sbaloanpros.net\/es\/wp-json\/wp\/v2\/pages\/508\/revisions"}],"predecessor-version":[{"id":681,"href":"https:\/\/sbaloanpros.net\/es\/wp-json\/wp\/v2\/pages\/508\/revisions\/681"}],"wp:attachment":[{"href":"https:\/\/sbaloanpros.net\/es\/wp-json\/wp\/v2\/media?parent=508"}],"curies":[{"name":"wp","href":"https:\/\/api.w.org\/{rel}","templated":true}]}}